{"id":570,"date":"2021-08-01T14:11:11","date_gmt":"2021-08-01T12:11:11","guid":{"rendered":"https:\/\/ww2.hotel-alt-annaberg.de\/home\/?page_id=570"},"modified":"2021-08-01T14:31:42","modified_gmt":"2021-08-01T12:31:42","slug":"doppelzimmer","status":"publish","type":"page","link":"https:\/\/ww2.hotel-alt-annaberg.de\/?page_id=570","title":{"rendered":"Doppelzimmer"},"content":{"rendered":"\t\t<div data-elementor-type=\"wp-page\" data-elementor-id=\"570\" class=\"elementor elementor-570\">\n\t\t\t\t\t\t\t\t\t<section class=\"elementor-section elementor-top-section elementor-element elementor-element-eaa954d elementor-section-boxed elementor-section-height-default elementor-section-height-default\" data-id=\"eaa954d\" data-element_type=\"section\">\n\t\t\t\t\t\t<div class=\"elementor-container elementor-column-gap-default\">\n\t\t\t\t\t<div class=\"elementor-column elementor-col-100 elementor-top-column elementor-element elementor-element-e0d0432\" data-id=\"e0d0432\" data-element_type=\"column\">\n\t\t\t<div class=\"elementor-widget-wrap elementor-element-populated\">\n\t\t\t\t\t\t\t\t<div class=\"elementor-element elementor-element-d5e3b7b elementor-widget elementor-widget-text-editor\" data-id=\"d5e3b7b\" data-element_type=\"widget\" data-widget_type=\"text-editor.default\">\n\t\t\t\t<div class=\"elementor-widget-container\">\n\t\t\t\t\t\t\t<div class=\"\"><span class=\"\">Unsere drei Doppelzimmer befinden sich im Erdgeschoss sowie 1. und 2. Etage und verf\u00fcgen \u00fcber getrennt stehende Betten, Badezimmer mit Wanne\/ Dusche und WC, F\u00f6n, Kosmetikspiegel, Minibar\/K\u00fchlschrank, TV und W-LAN. Gr\u00f6\u00dfe: ca. 30 qm. Eine Kaffeepadmaschine mit Pads und eine Flasche Mineralwasser stehen kostenfrei f\u00fcr Sie bereit.<\/span><\/div><div>\u00a0<\/div><div class=\"\"><span class=\"\"> Letzte Renovierung: Mai 2020 <\/span><\/div>\t\t\t\t\t\t<\/div>\n\t\t\t\t<\/div>\n\t\t\t\t\t<\/div>\n\t\t<\/div>\n\t\t\t\t\t\t\t<\/div>\n\t\t<\/section>\n\t\t\t\t<section class=\"elementor-section elementor-top-section elementor-element elementor-element-b98b9ad elementor-section-boxed elementor-section-height-default elementor-section-height-default\" data-id=\"b98b9ad\" data-element_type=\"section\">\n\t\t\t\t\t\t<div class=\"elementor-container elementor-column-gap-default\">\n\t\t\t\t\t<div class=\"elementor-column elementor-col-100 elementor-top-column elementor-element elementor-element-e608cb1\" data-id=\"e608cb1\" data-element_type=\"column\">\n\t\t\t<div class=\"elementor-widget-wrap elementor-element-populated\">\n\t\t\t\t\t\t\t\t<div class=\"elementor-element elementor-element-a76d21f elementor-widget elementor-widget-image-gallery\" data-id=\"a76d21f\" data-element_type=\"widget\" data-widget_type=\"image-gallery.default\">\n\t\t\t\t<div class=\"elementor-widget-container\">\n\t\t\t\t\t<div class=\"elementor-image-gallery\">\n\t\t\t<div class=\"gallery gallery-570-1\"><div class=\"row gallery-row\"><div class=\"col-sm-4 col-lg-4\"><img loading=\"lazy\" decoding=\"async\" width=\"394\" height=\"394\" src=\"https:\/\/ww2.hotel-alt-annaberg.de\/wp-content\/uploads\/2021\/08\/Doppelzimmer-Beispiel-2-394x394.jpg\" class=\"thumbnail img-thumbnail test\" alt=\"\" srcset=\"https:\/\/ww2.hotel-alt-annaberg.de\/wp-content\/uploads\/2021\/08\/Doppelzimmer-Beispiel-2-394x394.jpg 394w, https:\/\/ww2.hotel-alt-annaberg.de\/wp-content\/uploads\/2021\/08\/Doppelzimmer-Beispiel-2-150x150.jpg 150w, https:\/\/ww2.hotel-alt-annaberg.de\/wp-content\/uploads\/2021\/08\/Doppelzimmer-Beispiel-2-605x605.jpg 605w\" sizes=\"auto, (max-width: 394px) 100vw, 394px\" \/><\/div><div class=\"col-sm-4 col-lg-4\"><img loading=\"lazy\" decoding=\"async\" width=\"394\" height=\"394\" src=\"https:\/\/ww2.hotel-alt-annaberg.de\/wp-content\/uploads\/2021\/06\/163739832-394x394.jpg\" class=\"thumbnail img-thumbnail test\" alt=\"\" srcset=\"https:\/\/ww2.hotel-alt-annaberg.de\/wp-content\/uploads\/2021\/06\/163739832-394x394.jpg 394w, https:\/\/ww2.hotel-alt-annaberg.de\/wp-content\/uploads\/2021\/06\/163739832-150x150.jpg 150w, https:\/\/ww2.hotel-alt-annaberg.de\/wp-content\/uploads\/2021\/06\/163739832-605x605.jpg 605w\" sizes=\"auto, (max-width: 394px) 100vw, 394px\" \/><\/div><div class=\"col-sm-4 col-lg-4\"><img loading=\"lazy\" decoding=\"async\" width=\"394\" height=\"394\" src=\"https:\/\/ww2.hotel-alt-annaberg.de\/wp-content\/uploads\/2021\/08\/Bad-Einzelzimmer-394x394.jpg\" class=\"thumbnail img-thumbnail test\" alt=\"\" srcset=\"https:\/\/ww2.hotel-alt-annaberg.de\/wp-content\/uploads\/2021\/08\/Bad-Einzelzimmer-394x394.jpg 394w, https:\/\/ww2.hotel-alt-annaberg.de\/wp-content\/uploads\/2021\/08\/Bad-Einzelzimmer-150x150.jpg 150w, https:\/\/ww2.hotel-alt-annaberg.de\/wp-content\/uploads\/2021\/08\/Bad-Einzelzimmer-605x605.jpg 605w\" sizes=\"auto, (max-width: 394px) 100vw, 394px\" \/><\/div><\/div><\/div>\t\t<\/div>\n\t\t\t\t<\/div>\n\t\t\t\t<\/div>\n\t\t\t\t\t<\/div>\n\t\t<\/div>\n\t\t\t\t\t\t\t<\/div>\n\t\t<\/section>\n\t\t\t\t\t\t\t<\/div>\n\t\t","protected":false},"excerpt":{"rendered":"<p>Unsere drei Doppelzimmer befinden sich im Erdgeschoss sowie 1. und 2. Etage und verf\u00fcgen \u00fcber getrennt stehende Betten, Badezimmer mit Wanne\/ Dusche und WC, F\u00f6n, Kosmetikspiegel, Minibar\/K\u00fchlschrank, TV und W-LAN. Gr\u00f6\u00dfe: ca. 30 qm. Eine Kaffeepadmaschine mit Pads und eine &hellip; <a href=\"https:\/\/ww2.hotel-alt-annaberg.de\/?page_id=570\">Read More<\/a><\/p>\n","protected":false},"author":1,"featured_media":0,"parent":0,"menu_order":0,"comment_status":"closed","ping_status":"closed","template":"","meta":{"footnotes":""},"class_list":["post-570","page","type-page","status-publish","hentry"],"_links":{"self":[{"href":"https:\/\/ww2.hotel-alt-annaberg.de\/index.php?rest_route=\/wp\/v2\/pages\/570","targetHints":{"allow":["GET"]}}],"collection":[{"href":"https:\/\/ww2.hotel-alt-annaberg.de\/index.php?rest_route=\/wp\/v2\/pages"}],"about":[{"href":"https:\/\/ww2.hotel-alt-annaberg.de\/index.php?rest_route=\/wp\/v2\/types\/page"}],"author":[{"embeddable":true,"href":"https:\/\/ww2.hotel-alt-annaberg.de\/index.php?rest_route=\/wp\/v2\/users\/1"}],"replies":[{"embeddable":true,"href":"https:\/\/ww2.hotel-alt-annaberg.de\/index.php?rest_route=%2Fwp%2Fv2%2Fcomments&post=570"}],"version-history":[{"count":10,"href":"https:\/\/ww2.hotel-alt-annaberg.de\/index.php?rest_route=\/wp\/v2\/pages\/570\/revisions"}],"predecessor-version":[{"id":615,"href":"https:\/\/ww2.hotel-alt-annaberg.de\/index.php?rest_route=\/wp\/v2\/pages\/570\/revisions\/615"}],"wp:attachment":[{"href":"https:\/\/ww2.hotel-alt-annaberg.de\/index.php?rest_route=%2Fwp%2Fv2%2Fmedia&parent=570"}],"curies":[{"name":"wp","href":"https:\/\/api.w.org\/{rel}","templated":true}]}}