{"id":567,"date":"2021-08-01T14:10:47","date_gmt":"2021-08-01T12:10:47","guid":{"rendered":"https:\/\/ww2.hotel-alt-annaberg.de\/home\/?page_id=567"},"modified":"2021-08-01T14:31:04","modified_gmt":"2021-08-01T12:31:04","slug":"einzelzimmer","status":"publish","type":"page","link":"https:\/\/ww2.hotel-alt-annaberg.de\/?page_id=567","title":{"rendered":"Einzelzimmer"},"content":{"rendered":"\t\t<div data-elementor-type=\"wp-page\" data-elementor-id=\"567\" class=\"elementor elementor-567\">\n\t\t\t\t\t\t\t\t\t<section class=\"elementor-section elementor-top-section elementor-element elementor-element-bfaf9e6 elementor-section-boxed elementor-section-height-default elementor-section-height-default\" data-id=\"bfaf9e6\" data-element_type=\"section\">\n\t\t\t\t\t\t<div class=\"elementor-container elementor-column-gap-default\">\n\t\t\t\t\t<div class=\"elementor-column elementor-col-100 elementor-top-column elementor-element elementor-element-0a58486\" data-id=\"0a58486\" data-element_type=\"column\">\n\t\t\t<div class=\"elementor-widget-wrap elementor-element-populated\">\n\t\t\t\t\t\t\t\t<div class=\"elementor-element elementor-element-1c23075 elementor-widget elementor-widget-text-editor\" data-id=\"1c23075\" data-element_type=\"widget\" data-widget_type=\"text-editor.default\">\n\t\t\t\t<div class=\"elementor-widget-container\">\n\t\t\t\t\t\t\t<div class=\"\"><span class=\"\">Unsere beiden Einzelzimmer befinden sich in 1. und 2. Etage und verf\u00fcgen \u00fcber ein Einzelbett, Bad mit Dusche\/ WC, F\u00f6n, Kosmetikspiegel, Minibar\/K\u00fchlschrank, TV und W-LAN. Gr\u00f6\u00dfe: ca. 18 qm. Eine Kaffeepadmaschine mit Pads und eine Flasche Mineralwasser stehen kostenfrei f\u00fcr Sie bereit.<\/span><\/div><div>\u00a0<\/div><div class=\"\"><span class=\"\"> Letzte Renovierung: Mai 2020<\/span><\/div>\t\t\t\t\t\t<\/div>\n\t\t\t\t<\/div>\n\t\t\t\t\t<\/div>\n\t\t<\/div>\n\t\t\t\t\t\t\t<\/div>\n\t\t<\/section>\n\t\t\t\t<section class=\"elementor-section elementor-top-section elementor-element elementor-element-5565bea elementor-section-boxed elementor-section-height-default elementor-section-height-default\" data-id=\"5565bea\" data-element_type=\"section\">\n\t\t\t\t\t\t<div class=\"elementor-container elementor-column-gap-default\">\n\t\t\t\t\t<div class=\"elementor-column elementor-col-100 elementor-top-column elementor-element elementor-element-a9e0aa3\" data-id=\"a9e0aa3\" data-element_type=\"column\">\n\t\t\t<div class=\"elementor-widget-wrap elementor-element-populated\">\n\t\t\t\t\t\t\t\t<div class=\"elementor-element elementor-element-e275803 elementor-widget elementor-widget-image-gallery\" data-id=\"e275803\" data-element_type=\"widget\" data-widget_type=\"image-gallery.default\">\n\t\t\t\t<div class=\"elementor-widget-container\">\n\t\t\t\t\t<div class=\"elementor-image-gallery\">\n\t\t\t<div class=\"gallery gallery-567-1\"><div class=\"row gallery-row\"><div class=\"col-sm-6 col-lg-6\"><img loading=\"lazy\" decoding=\"async\" width=\"394\" height=\"394\" src=\"https:\/\/ww2.hotel-alt-annaberg.de\/wp-content\/uploads\/2021\/06\/163660655-1-394x394.jpg\" class=\"thumbnail img-thumbnail test\" alt=\"\" srcset=\"https:\/\/ww2.hotel-alt-annaberg.de\/wp-content\/uploads\/2021\/06\/163660655-1-394x394.jpg 394w, https:\/\/ww2.hotel-alt-annaberg.de\/wp-content\/uploads\/2021\/06\/163660655-1-150x150.jpg 150w, https:\/\/ww2.hotel-alt-annaberg.de\/wp-content\/uploads\/2021\/06\/163660655-1-605x605.jpg 605w\" sizes=\"auto, (max-width: 394px) 100vw, 394px\" \/><\/div><div class=\"col-sm-6 col-lg-6\"><img loading=\"lazy\" decoding=\"async\" width=\"394\" height=\"394\" src=\"https:\/\/ww2.hotel-alt-annaberg.de\/wp-content\/uploads\/2021\/06\/163661112-394x394.jpg\" class=\"thumbnail img-thumbnail test\" alt=\"\" srcset=\"https:\/\/ww2.hotel-alt-annaberg.de\/wp-content\/uploads\/2021\/06\/163661112-394x394.jpg 394w, https:\/\/ww2.hotel-alt-annaberg.de\/wp-content\/uploads\/2021\/06\/163661112-150x150.jpg 150w\" sizes=\"auto, (max-width: 394px) 100vw, 394px\" \/><\/div><\/div><\/div>\t\t<\/div>\n\t\t\t\t<\/div>\n\t\t\t\t<\/div>\n\t\t\t\t\t<\/div>\n\t\t<\/div>\n\t\t\t\t\t\t\t<\/div>\n\t\t<\/section>\n\t\t\t\t\t\t\t<\/div>\n\t\t","protected":false},"excerpt":{"rendered":"<p>Unsere beiden Einzelzimmer befinden sich in 1. und 2. Etage und verf\u00fcgen \u00fcber ein Einzelbett, Bad mit Dusche\/ WC, F\u00f6n, Kosmetikspiegel, Minibar\/K\u00fchlschrank, TV und W-LAN. Gr\u00f6\u00dfe: ca. 18 qm. Eine Kaffeepadmaschine mit Pads und eine Flasche Mineralwasser stehen kostenfrei f\u00fcr &hellip; <a href=\"https:\/\/ww2.hotel-alt-annaberg.de\/?page_id=567\">Read More<\/a><\/p>\n","protected":false},"author":1,"featured_media":0,"parent":0,"menu_order":0,"comment_status":"closed","ping_status":"closed","template":"","meta":{"footnotes":""},"class_list":["post-567","page","type-page","status-publish","hentry"],"_links":{"self":[{"href":"https:\/\/ww2.hotel-alt-annaberg.de\/index.php?rest_route=\/wp\/v2\/pages\/567","targetHints":{"allow":["GET"]}}],"collection":[{"href":"https:\/\/ww2.hotel-alt-annaberg.de\/index.php?rest_route=\/wp\/v2\/pages"}],"about":[{"href":"https:\/\/ww2.hotel-alt-annaberg.de\/index.php?rest_route=\/wp\/v2\/types\/page"}],"author":[{"embeddable":true,"href":"https:\/\/ww2.hotel-alt-annaberg.de\/index.php?rest_route=\/wp\/v2\/users\/1"}],"replies":[{"embeddable":true,"href":"https:\/\/ww2.hotel-alt-annaberg.de\/index.php?rest_route=%2Fwp%2Fv2%2Fcomments&post=567"}],"version-history":[{"count":10,"href":"https:\/\/ww2.hotel-alt-annaberg.de\/index.php?rest_route=\/wp\/v2\/pages\/567\/revisions"}],"predecessor-version":[{"id":612,"href":"https:\/\/ww2.hotel-alt-annaberg.de\/index.php?rest_route=\/wp\/v2\/pages\/567\/revisions\/612"}],"wp:attachment":[{"href":"https:\/\/ww2.hotel-alt-annaberg.de\/index.php?rest_route=%2Fwp%2Fv2%2Fmedia&parent=567"}],"curies":[{"name":"wp","href":"https:\/\/api.w.org\/{rel}","templated":true}]}}