{"id":314,"date":"2021-06-13T15:27:32","date_gmt":"2021-06-13T13:27:32","guid":{"rendered":"https:\/\/ww2.hotel-alt-annaberg.de\/?page_id=314"},"modified":"2021-08-01T14:07:32","modified_gmt":"2021-08-01T12:07:32","slug":"zimmer","status":"publish","type":"page","link":"https:\/\/ww2.hotel-alt-annaberg.de\/?page_id=314","title":{"rendered":"Zimmer und Preise"},"content":{"rendered":"\t\t<div data-elementor-type=\"wp-post\" data-elementor-id=\"314\" class=\"elementor elementor-314\">\n\t\t\t\t\t\t\t\t\t<section class=\"elementor-section elementor-top-section elementor-element elementor-element-6229ba4 elementor-section-full_width elementor-section-height-min-height elementor-section-height-default elementor-section-items-middle\" data-id=\"6229ba4\" data-element_type=\"section\" data-settings=\"{&quot;background_background&quot;:&quot;classic&quot;}\">\n\t\t\t\t\t\t\t<div class=\"elementor-background-overlay\"><\/div>\n\t\t\t\t\t\t\t<div class=\"elementor-container elementor-column-gap-default\">\n\t\t\t\t\t<div class=\"elementor-column elementor-col-100 elementor-top-column elementor-element elementor-element-1f66876d\" data-id=\"1f66876d\" data-element_type=\"column\">\n\t\t\t<div class=\"elementor-widget-wrap elementor-element-populated\">\n\t\t\t\t\t\t\t\t<div class=\"elementor-element elementor-element-68d1557 elementor-widget elementor-widget-spacer\" data-id=\"68d1557\" data-element_type=\"widget\" data-widget_type=\"spacer.default\">\n\t\t\t\t<div class=\"elementor-widget-container\">\n\t\t\t\t\t<div class=\"elementor-spacer\">\n\t\t\t<div class=\"elementor-spacer-inner\"><\/div>\n\t\t<\/div>\n\t\t\t\t<\/div>\n\t\t\t\t<\/div>\n\t\t\t\t<div class=\"elementor-element elementor-element-321bcc27 elementor-view-default elementor-position-top elementor-invisible elementor-widget elementor-widget-themo-header\" data-id=\"321bcc27\" data-element_type=\"widget\" data-settings=\"{&quot;_animation&quot;:&quot;fadeIn&quot;}\" data-widget_type=\"themo-header.default\">\n\t\t\t\t<div class=\"elementor-widget-container\">\n\t\t\t\t\t<div class=\"th-header-wrap\">\n        <div class=\"elementor-icon-box-wrapper \">\n                            <div class=\"elementor-icon-box-content\">\n                    <h1 class=\"elementor-icon-box-title\">\n                        Zimmer und Preise                    <\/h1>\n                                        <p class=\"elementor-icon-box-description\"><\/p>\n\n                                    <\/div>\n            <\/div>\n\n        <\/div>\n\n\t\t\t\t<\/div>\n\t\t\t\t<\/div>\n\t\t\t\t\t<\/div>\n\t\t<\/div>\n\t\t\t\t\t\t\t<\/div>\n\t\t<\/section>\n\t\t\t\t<section class=\"elementor-section elementor-top-section elementor-element elementor-element-51204c8d elementor-section-boxed elementor-section-height-default elementor-section-height-default\" data-id=\"51204c8d\" data-element_type=\"section\" data-settings=\"{&quot;background_background&quot;:&quot;classic&quot;}\">\n\t\t\t\t\t\t<div class=\"elementor-container elementor-column-gap-default\">\n\t\t\t\t\t<div class=\"elementor-column elementor-col-100 elementor-top-column elementor-element elementor-element-50ec539c\" data-id=\"50ec539c\" data-element_type=\"column\">\n\t\t\t<div class=\"elementor-widget-wrap elementor-element-populated\">\n\t\t\t\t\t\t\t\t<div class=\"elementor-element elementor-element-183c3c17 elementor-widget elementor-widget-spacer\" data-id=\"183c3c17\" data-element_type=\"widget\" data-widget_type=\"spacer.default\">\n\t\t\t\t<div class=\"elementor-widget-container\">\n\t\t\t\t\t<div class=\"elementor-spacer\">\n\t\t\t<div class=\"elementor-spacer-inner\"><\/div>\n\t\t<\/div>\n\t\t\t\t<\/div>\n\t\t\t\t<\/div>\n\t\t\t\t<div class=\"elementor-element elementor-element-63297780 elementor-view-default elementor-position-top elementor-widget elementor-widget-themo-header\" data-id=\"63297780\" data-element_type=\"widget\" data-widget_type=\"themo-header.default\">\n\t\t\t\t<div class=\"elementor-widget-container\">\n\t\t\t\t\t<div class=\"th-header-wrap\">\n        <div class=\"elementor-icon-box-wrapper th-show-icon\">\n                            <div class=\"elementor-icon-box-icon th-icon-size-md\">\n                    <span class=\"elementor-icon \">\n                                            <\/span>\n                <\/div>\n                                <div class=\"elementor-icon-box-content\">\n                    <h2 class=\"elementor-icon-box-title\">\n                        Pers\u00f6nlich und gem\u00fctlich                    <\/h2>\n                                            <span class=\"th-header-divider\"><\/span>\n                                        <p class=\"elementor-icon-box-description\">Liebevolle Einrichtung, individueller Service und viel Komfort \u2013 all das macht unser famili\u00e4r gef\u00fchrtes Hotel Alt-Annaberg im sch\u00f6nen Erzgebirge zu einem gem\u00fctlichen Zuhause auf Zeit.\n\nIn unseren stilvollen Zimmern und Appartements kommen Sie zur Ruhe und genie\u00dfen eine willkommene Auszeit vom Alltag.<\/p>\n\n                                    <\/div>\n            <\/div>\n\n        <\/div>\n\n\t\t\t\t<\/div>\n\t\t\t\t<\/div>\n\t\t\t\t<div class=\"elementor-element elementor-element-40b9772e elementor-widget elementor-widget-spacer\" data-id=\"40b9772e\" data-element_type=\"widget\" data-widget_type=\"spacer.default\">\n\t\t\t\t<div class=\"elementor-widget-container\">\n\t\t\t\t\t<div class=\"elementor-spacer\">\n\t\t\t<div class=\"elementor-spacer-inner\"><\/div>\n\t\t<\/div>\n\t\t\t\t<\/div>\n\t\t\t\t<\/div>\n\t\t\t\t\t<\/div>\n\t\t<\/div>\n\t\t\t\t\t\t\t<\/div>\n\t\t<\/section>\n\t\t\t\t<section class=\"elementor-section elementor-top-section elementor-element elementor-element-5e2337b1 elementor-section-boxed elementor-section-height-default elementor-section-height-default\" data-id=\"5e2337b1\" data-element_type=\"section\" data-settings=\"{&quot;background_background&quot;:&quot;classic&quot;}\">\n\t\t\t\t\t\t<div class=\"elementor-container elementor-column-gap-default\">\n\t\t\t\t\t<div class=\"elementor-column elementor-col-100 elementor-top-column elementor-element elementor-element-a1d3cae\" data-id=\"a1d3cae\" data-element_type=\"column\">\n\t\t\t<div class=\"elementor-widget-wrap elementor-element-populated\">\n\t\t\t\t\t\t\t\t<div class=\"elementor-element elementor-element-ad569d0 elementor-widget elementor-widget-menu-anchor\" data-id=\"ad569d0\" data-element_type=\"widget\" data-widget_type=\"menu-anchor.default\">\n\t\t\t\t<div class=\"elementor-widget-container\">\n\t\t\t\t\t<div id=\"rates\" class=\"elementor-menu-anchor\"><\/div>\n\t\t\t\t<\/div>\n\t\t\t\t<\/div>\n\t\t\t\t<div class=\"elementor-element elementor-element-2dcb100f elementor-widget elementor-widget-spacer\" data-id=\"2dcb100f\" data-element_type=\"widget\" data-widget_type=\"spacer.default\">\n\t\t\t\t<div class=\"elementor-widget-container\">\n\t\t\t\t\t<div class=\"elementor-spacer\">\n\t\t\t<div class=\"elementor-spacer-inner\"><\/div>\n\t\t<\/div>\n\t\t\t\t<\/div>\n\t\t\t\t<\/div>\n\t\t\t\t<div class=\"elementor-element elementor-element-37f2913c elementor-view-default elementor-position-top elementor-widget elementor-widget-themo-header\" data-id=\"37f2913c\" data-element_type=\"widget\" data-widget_type=\"themo-header.default\">\n\t\t\t\t<div class=\"elementor-widget-container\">\n\t\t\t\t\t<div class=\"th-header-wrap\">\n        <div class=\"elementor-icon-box-wrapper \">\n                            <div class=\"elementor-icon-box-content\">\n                    <h2 class=\"elementor-icon-box-title\">\n                        Preise                    <\/h2>\n                                            <span class=\"th-header-divider\"><\/span>\n                                        <p class=\"elementor-icon-box-description\">Alle Preise einschlie\u00dflich Steuern und Geb\u00fchren.<\/p>\n\n                                    <\/div>\n            <\/div>\n\n        <\/div>\n\n\t\t\t\t<\/div>\n\t\t\t\t<\/div>\n\t\t\t\t<div class=\"elementor-element elementor-element-3ee04c2 elementor-widget elementor-widget-themo-pricing\" data-id=\"3ee04c2\" data-element_type=\"widget\" data-widget_type=\"themo-pricing.default\">\n\t\t\t\t<div class=\"elementor-widget-container\">\n\t\t\t\n\t\t<div class=\"th-pricing-table th-four-col\">\n\n\t\t\t<div class=\"row\">\n\n\t\t\t\t\n                    \n                    <div class=\"elementor-repeater-item-tiziu9g th-pricing-column col-md-3 col-sm-6\">\n\n\t                    \t\t\t\t\t\t\t<div class=\"th-pricing-title\">Einzelzimmer<\/div>\n\t                    \n\t                    \n\t                    \t                        <div class=\"th-pricing-cost\">\n\t                            71\u20ac<span> \/ Nacht<\/span>\n\t                        <\/div>\n\t                    \n\t                    \t\t\t\t\t\t\t<div class=\"th-pricing-features\">\n\t\t\t\t\t\t\t\t<ul>\n\t\t\t\t\t\t\t\t\t<li>18m\u00b2<\/li>\n<li>Bergblick<\/li>\n<li>Einzelbett<\/li>\n<li>eigenes Badezimmer<\/li>\n<li>Flachbild-TV<\/li>\n<li>Kaffeemaschine<\/li>\n<li>Minibar<\/li>\n<li>kostenfreies WLAN<\/li>\t\t\t\t\t\t\t\t<\/ul>\n\t\t\t\t\t\t\t<\/div>\n\t                    \n\n                        \n                        <div class=\"th-btn-wrap\">\n\t\t\t\t\t\t\t                        <\/div>\n\n\t\t\t\t\t<\/div>\n\n\t\t\t\t\n                    \n                    <div class=\"elementor-repeater-item-f07aa84 th-pricing-column col-md-3 col-sm-6\">\n\n\t                    \t\t\t\t\t\t\t<div class=\"th-pricing-title\">Doppelzimmer<\/div>\n\t                    \n\t                    \n\t                    \t                        <div class=\"th-pricing-cost\">\n\t                            92\u20ac<span> \/ Nacht<\/span>\n\t                        <\/div>\n\t                    \n\t                    \t\t\t\t\t\t\t<div class=\"th-pricing-features\">\n\t\t\t\t\t\t\t\t<ul>\n\t\t\t\t\t\t\t\t\t<li>30m\u00b2<\/li>\n<li>Bergblick<\/li>\n<li>zwei Einzelbetten<\/li>\n<li>eigenes Badezimmer<\/li>\n<li>Flachbild-TV<\/li>\n<li>Kaffeemaschine<\/li>\n<li>Minibar<\/li>\n<li>kostenfreies WLAN<\/li>\t\t\t\t\t\t\t\t<\/ul>\n\t\t\t\t\t\t\t<\/div>\n\t                    \n\n                        \n                        <div class=\"th-btn-wrap\">\n\t\t\t\t\t\t\t                        <\/div>\n\n\t\t\t\t\t<\/div>\n\n\t\t\t\t\n                    \n                    <div class=\"elementor-repeater-item-ab97079 th-pricing-column col-md-3 col-sm-6\">\n\n\t                    \t\t\t\t\t\t\t<div class=\"th-pricing-title\">Appartements<\/div>\n\t                    \n\t                    \n\t                    \t                        <div class=\"th-pricing-cost\">\n\t                            112\u20ac<span> \/ Nacht<\/span>\n\t                        <\/div>\n\t                    \n\t                    \t\t\t\t\t\t\t<div class=\"th-pricing-features\">\n\t\t\t\t\t\t\t\t<ul>\n\t\t\t\t\t\t\t\t\t<li>54m\u00b2<\/li>\n<li>Gartenblick, Bergblick<\/li>\n<li>zwei Einzelbetten<\/li>\n<li>eigenes Badezimmer<\/li>\n<li>Flachbild-TV<\/li>\n<li>Kaffeemaschine, Sp\u00fclmaschine<\/li>\n<li>Minibar<\/li>\n<li>kostenfreies WLAN<\/li>\t\t\t\t\t\t\t\t<\/ul>\n\t\t\t\t\t\t\t<\/div>\n\t                    \n\n                        \n                        <div class=\"th-btn-wrap\">\n\t\t\t\t\t\t\t                        <\/div>\n\n\t\t\t\t\t<\/div>\n\n\t\t\t\t\n                    \n                    <div class=\"elementor-repeater-item-e81a066 th-pricing-column col-md-3 col-sm-6\">\n\n\t                    \t\t\t\t\t\t\t<div class=\"th-pricing-title\">Romantiksuite<\/div>\n\t                    \n\t                    \n\t                    \t                        <div class=\"th-pricing-cost\">\n\t                            122\u20ac<span> \/ Nacht<\/span>\n\t                        <\/div>\n\t                    \n\t                    \t\t\t\t\t\t\t<div class=\"th-pricing-features\">\n\t\t\t\t\t\t\t\t<ul>\n\t\t\t\t\t\t\t\t\t<li>43m\u00b2<\/li>\n<li>Gartenblick, Bergblick<\/li>\n<li>franz\u00f6sisches Doppelbett, Schlafsofa<\/li>\n<li>eigenes Badezimmer<\/li>\n<li>Flachbild-TV<\/li>\n<li>Kaffeemaschine, Sp\u00fclmaschine<\/li>\n<li>Minibar<\/li>\n<li>kostenfreies WLAN<\/li>\t\t\t\t\t\t\t\t<\/ul>\n\t\t\t\t\t\t\t<\/div>\n\t                    \n\n                        \n                        <div class=\"th-btn-wrap\">\n\t\t\t\t\t\t\t                        <\/div>\n\n\t\t\t\t\t<\/div>\n\n\t\t\t\t\n\t\t\t<\/div>\n\n\t\t<\/div>\n\n\t\t\t\t<\/div>\n\t\t\t\t<\/div>\n\t\t\t\t<div class=\"elementor-element elementor-element-80dc36c elementor-widget elementor-widget-spacer\" data-id=\"80dc36c\" data-element_type=\"widget\" data-widget_type=\"spacer.default\">\n\t\t\t\t<div class=\"elementor-widget-container\">\n\t\t\t\t\t<div class=\"elementor-spacer\">\n\t\t\t<div class=\"elementor-spacer-inner\"><\/div>\n\t\t<\/div>\n\t\t\t\t<\/div>\n\t\t\t\t<\/div>\n\t\t\t\t\t<\/div>\n\t\t<\/div>\n\t\t\t\t\t\t\t<\/div>\n\t\t<\/section>\n\t\t\t\t<section class=\"elementor-section elementor-top-section elementor-element elementor-element-a5a7cd6 elementor-section-boxed elementor-section-height-default elementor-section-height-default\" data-id=\"a5a7cd6\" data-element_type=\"section\" data-settings=\"{&quot;background_background&quot;:&quot;classic&quot;}\">\n\t\t\t\t\t\t<div class=\"elementor-container elementor-column-gap-default\">\n\t\t\t\t\t<div class=\"elementor-column elementor-col-100 elementor-top-column elementor-element elementor-element-445c77a\" data-id=\"445c77a\" data-element_type=\"column\">\n\t\t\t<div class=\"elementor-widget-wrap elementor-element-populated\">\n\t\t\t\t\t\t\t\t<div class=\"elementor-element elementor-element-4b3c0092 elementor-widget elementor-widget-spacer\" data-id=\"4b3c0092\" data-element_type=\"widget\" data-widget_type=\"spacer.default\">\n\t\t\t\t<div class=\"elementor-widget-container\">\n\t\t\t\t\t<div class=\"elementor-spacer\">\n\t\t\t<div class=\"elementor-spacer-inner\"><\/div>\n\t\t<\/div>\n\t\t\t\t<\/div>\n\t\t\t\t<\/div>\n\t\t\t\t\t<\/div>\n\t\t<\/div>\n\t\t\t\t\t\t\t<\/div>\n\t\t<\/section>\n\t\t\t\t\t\t\t<\/div>\n\t\t","protected":false},"excerpt":{"rendered":"<p>Zimmer und Preise Pers\u00f6nlich und gem\u00fctlich Liebevolle Einrichtung, individueller Service und viel Komfort \u2013 all das macht unser famili\u00e4r gef\u00fchrtes Hotel Alt-Annaberg im sch\u00f6nen Erzgebirge zu einem gem\u00fctlichen Zuhause auf Zeit. In unseren stilvollen Zimmern und Appartements kommen Sie zur &hellip; <a href=\"https:\/\/ww2.hotel-alt-annaberg.de\/?page_id=314\">Read More<\/a><\/p>\n","protected":false},"author":1,"featured_media":0,"parent":0,"menu_order":12,"comment_status":"closed","ping_status":"closed","template":"","meta":{"footnotes":""},"class_list":["post-314","page","type-page","status-publish","hentry"],"_links":{"self":[{"href":"https:\/\/ww2.hotel-alt-annaberg.de\/index.php?rest_route=\/wp\/v2\/pages\/314","targetHints":{"allow":["GET"]}}],"collection":[{"href":"https:\/\/ww2.hotel-alt-annaberg.de\/index.php?rest_route=\/wp\/v2\/pages"}],"about":[{"href":"https:\/\/ww2.hotel-alt-annaberg.de\/index.php?rest_route=\/wp\/v2\/types\/page"}],"author":[{"embeddable":true,"href":"https:\/\/ww2.hotel-alt-annaberg.de\/index.php?rest_route=\/wp\/v2\/users\/1"}],"replies":[{"embeddable":true,"href":"https:\/\/ww2.hotel-alt-annaberg.de\/index.php?rest_route=%2Fwp%2Fv2%2Fcomments&post=314"}],"version-history":[{"count":55,"href":"https:\/\/ww2.hotel-alt-annaberg.de\/index.php?rest_route=\/wp\/v2\/pages\/314\/revisions"}],"predecessor-version":[{"id":566,"href":"https:\/\/ww2.hotel-alt-annaberg.de\/index.php?rest_route=\/wp\/v2\/pages\/314\/revisions\/566"}],"wp:attachment":[{"href":"https:\/\/ww2.hotel-alt-annaberg.de\/index.php?rest_route=%2Fwp%2Fv2%2Fmedia&parent=314"}],"curies":[{"name":"wp","href":"https:\/\/api.w.org\/{rel}","templated":true}]}}