{"id":113,"date":"2017-12-01T20:43:43","date_gmt":"2017-12-01T19:43:43","guid":{"rendered":"https:\/\/import.themovation.com\/bellevue2\/hotel\/?page_id=257"},"modified":"2021-08-01T15:03:27","modified_gmt":"2021-08-01T13:03:27","slug":"home","status":"publish","type":"page","link":"https:\/\/ww2.hotel-alt-annaberg.de\/","title":{"rendered":"Startseite"},"content":{"rendered":"\t\t<div data-elementor-type=\"wp-post\" data-elementor-id=\"113\" class=\"elementor elementor-113\">\n\t\t\t\t\t\t\t\t\t<section class=\"elementor-section elementor-top-section elementor-element elementor-element-7f113b65 elementor-section-full_width elementor-section-height-min-height elementor-section-height-default elementor-section-items-middle\" data-id=\"7f113b65\" data-element_type=\"section\" data-settings=\"{&quot;background_background&quot;:&quot;classic&quot;}\">\n\t\t\t\t\t\t\t<div class=\"elementor-background-overlay\"><\/div>\n\t\t\t\t\t\t\t<div class=\"elementor-container elementor-column-gap-default\">\n\t\t\t\t\t<div class=\"elementor-column elementor-col-100 elementor-top-column elementor-element elementor-element-476d30e2\" data-id=\"476d30e2\" data-element_type=\"column\">\n\t\t\t<div class=\"elementor-widget-wrap elementor-element-populated\">\n\t\t\t\t\t\t\t\t<div class=\"elementor-element elementor-element-1b6d5b6f elementor-widget elementor-widget-spacer\" data-id=\"1b6d5b6f\" data-element_type=\"widget\" data-widget_type=\"spacer.default\">\n\t\t\t\t<div class=\"elementor-widget-container\">\n\t\t\t\t\t<div class=\"elementor-spacer\">\n\t\t\t<div class=\"elementor-spacer-inner\"><\/div>\n\t\t<\/div>\n\t\t\t\t<\/div>\n\t\t\t\t<\/div>\n\t\t\t\t<div class=\"elementor-element elementor-element-6d14406 elementor-widget elementor-widget-spacer\" data-id=\"6d14406\" data-element_type=\"widget\" data-widget_type=\"spacer.default\">\n\t\t\t\t<div class=\"elementor-widget-container\">\n\t\t\t\t\t<div class=\"elementor-spacer\">\n\t\t\t<div class=\"elementor-spacer-inner\"><\/div>\n\t\t<\/div>\n\t\t\t\t<\/div>\n\t\t\t\t<\/div>\n\t\t\t\t\t<\/div>\n\t\t<\/div>\n\t\t\t\t\t\t\t<\/div>\n\t\t<\/section>\n\t\t\t\t<section class=\"elementor-section elementor-top-section elementor-element elementor-element-57c466 elementor-section-boxed elementor-section-height-default elementor-section-height-default\" data-id=\"57c466\" data-element_type=\"section\" data-settings=\"{&quot;background_background&quot;:&quot;classic&quot;}\">\n\t\t\t\t\t\t<div class=\"elementor-container elementor-column-gap-default\">\n\t\t\t\t\t<div class=\"elementor-column elementor-col-100 elementor-top-column elementor-element elementor-element-439a30ba\" data-id=\"439a30ba\" data-element_type=\"column\">\n\t\t\t<div class=\"elementor-widget-wrap elementor-element-populated\">\n\t\t\t\t\t\t\t\t<div class=\"elementor-element elementor-element-26f91fe1 elementor-widget elementor-widget-spacer\" data-id=\"26f91fe1\" data-element_type=\"widget\" data-widget_type=\"spacer.default\">\n\t\t\t\t<div class=\"elementor-widget-container\">\n\t\t\t\t\t<div class=\"elementor-spacer\">\n\t\t\t<div class=\"elementor-spacer-inner\"><\/div>\n\t\t<\/div>\n\t\t\t\t<\/div>\n\t\t\t\t<\/div>\n\t\t\t\t<div class=\"elementor-element elementor-element-298c1f9e elementor-view-default elementor-position-top elementor-widget elementor-widget-themo-header\" data-id=\"298c1f9e\" data-element_type=\"widget\" data-widget_type=\"themo-header.default\">\n\t\t\t\t<div class=\"elementor-widget-container\">\n\t\t\t\t\t<div class=\"th-header-wrap\">\n        <div class=\"elementor-icon-box-wrapper \">\n                            <div class=\"elementor-icon-box-content\">\n                    <h2 class=\"elementor-icon-box-title\">\n                        HERZLICH WILLKOMMEN                    <\/h2>\n                                            <span class=\"th-header-divider\"><\/span>\n                                        <p class=\"elementor-icon-box-description\">Liebevolle Einrichtung, individueller Service und viel Komfort \u2013 all das macht unser famili\u00e4r gef\u00fchrtes Hotel Alt-Annaberg im sch\u00f6nen Erzgebirge zu einem gem\u00fctlichen Zuhause auf Zeit.<\/p>\n\n                                    <\/div>\n            <\/div>\n\n        <\/div>\n\n\t\t\t\t<\/div>\n\t\t\t\t<\/div>\n\t\t\t\t<div class=\"elementor-element elementor-element-1aac4737 elementor-widget elementor-widget-spacer\" data-id=\"1aac4737\" data-element_type=\"widget\" data-widget_type=\"spacer.default\">\n\t\t\t\t<div class=\"elementor-widget-container\">\n\t\t\t\t\t<div class=\"elementor-spacer\">\n\t\t\t<div class=\"elementor-spacer-inner\"><\/div>\n\t\t<\/div>\n\t\t\t\t<\/div>\n\t\t\t\t<\/div>\n\t\t\t\t\t<\/div>\n\t\t<\/div>\n\t\t\t\t\t\t\t<\/div>\n\t\t<\/section>\n\t\t\t\t<section class=\"elementor-section elementor-top-section elementor-element elementor-element-1548f6d8 elementor-section-full_width elementor-section-height-default elementor-section-height-default\" data-id=\"1548f6d8\" data-element_type=\"section\">\n\t\t\t\t\t\t<div class=\"elementor-container elementor-column-gap-extended\">\n\t\t\t\t\t<div class=\"elementor-column elementor-col-100 elementor-top-column elementor-element elementor-element-558ee9b2\" data-id=\"558ee9b2\" data-element_type=\"column\">\n\t\t\t<div class=\"elementor-widget-wrap elementor-element-populated\">\n\t\t\t\t\t\t\t\t<div class=\"elementor-element elementor-element-547e8255 elementor-pagination-position-outside elementor-widget elementor-widget-image-carousel\" data-id=\"547e8255\" data-element_type=\"widget\" data-settings=\"{&quot;slides_to_show&quot;:&quot;4&quot;,&quot;navigation&quot;:&quot;dots&quot;,&quot;autoplay&quot;:&quot;yes&quot;,&quot;pause_on_hover&quot;:&quot;yes&quot;,&quot;pause_on_interaction&quot;:&quot;yes&quot;,&quot;autoplay_speed&quot;:5000,&quot;infinite&quot;:&quot;yes&quot;,&quot;speed&quot;:500}\" data-widget_type=\"image-carousel.default\">\n\t\t\t\t<div class=\"elementor-widget-container\">\n\t\t\t\t\t<div class=\"elementor-image-carousel-wrapper swiper-container\" dir=\"ltr\">\n\t\t\t<div class=\"elementor-image-carousel swiper-wrapper swiper-image-stretch\" aria-live=\"off\">\n\t\t\t\t\t\t\t\t<div class=\"swiper-slide\" role=\"group\" aria-roledescription=\"slide\" aria-label=\"1 von 7\"><figure class=\"swiper-slide-inner\"><img decoding=\"async\" class=\"swiper-slide-image\" src=\"https:\/\/ww2.hotel-alt-annaberg.de\/wp-content\/uploads\/2021\/08\/Herzlich-Willkommen-394x512.jpg\" alt=\"\" \/><\/figure><\/div><div class=\"swiper-slide\" role=\"group\" aria-roledescription=\"slide\" aria-label=\"2 von 7\"><figure class=\"swiper-slide-inner\"><img decoding=\"async\" class=\"swiper-slide-image\" src=\"https:\/\/ww2.hotel-alt-annaberg.de\/wp-content\/uploads\/2021\/06\/122370341-394x512.jpg\" alt=\"\" \/><\/figure><\/div><div class=\"swiper-slide\" role=\"group\" aria-roledescription=\"slide\" aria-label=\"3 von 7\"><figure class=\"swiper-slide-inner\"><img decoding=\"async\" class=\"swiper-slide-image\" src=\"https:\/\/ww2.hotel-alt-annaberg.de\/wp-content\/uploads\/2021\/08\/AP_Winter_Januar2019-394x512.jpg\" alt=\"\" \/><\/figure><\/div><div class=\"swiper-slide\" role=\"group\" aria-roledescription=\"slide\" aria-label=\"4 von 7\"><figure class=\"swiper-slide-inner\"><img decoding=\"async\" class=\"swiper-slide-image\" src=\"https:\/\/ww2.hotel-alt-annaberg.de\/wp-content\/uploads\/2021\/08\/Bikes4-394x512.jpg\" alt=\"\" \/><\/figure><\/div><div class=\"swiper-slide\" role=\"group\" aria-roledescription=\"slide\" aria-label=\"5 von 7\"><figure class=\"swiper-slide-inner\"><img decoding=\"async\" class=\"swiper-slide-image\" src=\"https:\/\/ww2.hotel-alt-annaberg.de\/wp-content\/uploads\/2021\/06\/163664163-394x512.jpg\" alt=\"\" \/><\/figure><\/div><div class=\"swiper-slide\" role=\"group\" aria-roledescription=\"slide\" aria-label=\"6 von 7\"><figure class=\"swiper-slide-inner\"><img decoding=\"async\" class=\"swiper-slide-image\" src=\"https:\/\/ww2.hotel-alt-annaberg.de\/wp-content\/uploads\/2021\/08\/Doppelzimmer-Beispiel-2-394x512.jpg\" alt=\"\" \/><\/figure><\/div><div class=\"swiper-slide\" role=\"group\" aria-roledescription=\"slide\" aria-label=\"7 von 7\"><figure class=\"swiper-slide-inner\"><img decoding=\"async\" class=\"swiper-slide-image\" src=\"https:\/\/ww2.hotel-alt-annaberg.de\/wp-content\/uploads\/2021\/08\/September_2017-394x512.jpg\" alt=\"\" \/><\/figure><\/div>\t\t\t<\/div>\n\t\t\t\t\t\t\t\n\t\t\t\t\t\t\t\t\t<div class=\"swiper-pagination\"><\/div>\n\t\t\t\t\t\t\t\t\t<\/div>\n\t\t\t\t<\/div>\n\t\t\t\t<\/div>\n\t\t\t\t\t<\/div>\n\t\t<\/div>\n\t\t\t\t\t\t\t<\/div>\n\t\t<\/section>\n\t\t\t\t<section class=\"elementor-section elementor-top-section elementor-element elementor-element-28ddad59 elementor-section-height-min-height elementor-section-boxed elementor-section-height-default elementor-section-items-middle\" data-id=\"28ddad59\" data-element_type=\"section\" data-settings=\"{&quot;background_background&quot;:&quot;classic&quot;}\">\n\t\t\t\t\t\t<div class=\"elementor-container elementor-column-gap-wider\">\n\t\t\t\t\t<div class=\"elementor-column elementor-col-50 elementor-top-column elementor-element elementor-element-33a4ea24\" data-id=\"33a4ea24\" data-element_type=\"column\" data-settings=\"{&quot;background_background&quot;:&quot;classic&quot;}\">\n\t\t\t<div class=\"elementor-widget-wrap elementor-element-populated\">\n\t\t\t\t\t\t\t\t<div class=\"elementor-element elementor-element-226ce58a elementor-position-left elementor-view-default elementor-widget elementor-widget-themo-header\" data-id=\"226ce58a\" data-element_type=\"widget\" data-widget_type=\"themo-header.default\">\n\t\t\t\t<div class=\"elementor-widget-container\">\n\t\t\t\t\t<div class=\"th-header-wrap\">\n        <div class=\"elementor-icon-box-wrapper \">\n                            <div class=\"elementor-icon-box-content\">\n                    <h3 class=\"elementor-icon-box-title\">\n                        Gl\u00fcck auf in Annaberg-Buchholz!                    <\/h3>\n                                        <p class=\"elementor-icon-box-description\">Weithin sichtbar thront das Wahrzeichen \u00fcber den D\u00e4chern unserer Stadt - die St. Annenkirche mit dem ber\u00fchmten Bergaltar ist allein eine Reise wert und doch nicht das einzig Sehenswerte! Entdecken Sie Annaberg-Buchholz \u00fcber und unter Tage, begeben Sie sich auf die Spuren des Rechenmeisters Adam Ries oder erleben Sie die heimelige Atmosph\u00e4re der erzgebirgischen Weihnacht auf dem Annaberger Weihnachtsmarkt hautnah. Die malerische Altstadt atmet noch heute den Hauch ihrer gro\u00dfen Vergangenheit.\n<\/p>\n\n                                    <\/div>\n            <\/div>\n\n        <\/div>\n\n\t\t\t\t<\/div>\n\t\t\t\t<\/div>\n\t\t\t\t\t<\/div>\n\t\t<\/div>\n\t\t\t\t<div class=\"elementor-column elementor-col-50 elementor-top-column elementor-element elementor-element-11aa4eac\" data-id=\"11aa4eac\" data-element_type=\"column\" data-settings=\"{&quot;background_background&quot;:&quot;classic&quot;}\">\n\t\t\t<div class=\"elementor-widget-wrap elementor-element-populated\">\n\t\t\t\t\t\t\t\t<div class=\"elementor-element elementor-element-3ad1b8f elementor-widget elementor-widget-video\" data-id=\"3ad1b8f\" data-element_type=\"widget\" data-settings=\"{&quot;video_type&quot;:&quot;vimeo&quot;}\" data-widget_type=\"video.default\">\n\t\t\t\t<div class=\"elementor-widget-container\">\n\t\t\t\t\t<div class=\"elementor-wrapper elementor-open-inline\">\n\t\t\t<iframe class=\"elementor-video-iframe\" allowfullscreen title=\"youtube Video-Player\" src=\"https:\/\/www.youtube.com\/embed\/a6yoLfYQ_0E?feature=oembed&amp;color&amp;autopause=0&amp;loop=0&amp;muted=0&amp;title=0&amp;portrait=0&amp;byline=0\"><\/iframe>\t\t<\/div>\n\t\t\t\t<\/div>\n\t\t\t\t<\/div>\n\t\t\t\t\t<\/div>\n\t\t<\/div>\n\t\t\t\t\t\t\t<\/div>\n\t\t<\/section>\n\t\t\t\t<section class=\"elementor-section elementor-top-section elementor-element elementor-element-ff9bda6 elementor-section-boxed elementor-section-height-default elementor-section-height-default\" data-id=\"ff9bda6\" data-element_type=\"section\" data-settings=\"{&quot;background_background&quot;:&quot;classic&quot;}\">\n\t\t\t\t\t\t<div class=\"elementor-container elementor-column-gap-default\">\n\t\t\t\t\t<div class=\"elementor-column elementor-col-50 elementor-top-column elementor-element elementor-element-52265b3\" data-id=\"52265b3\" data-element_type=\"column\">\n\t\t\t<div class=\"elementor-widget-wrap elementor-element-populated\">\n\t\t\t\t\t\t\t\t<div class=\"elementor-element elementor-element-6a1276f elementor-widget elementor-widget-themo-testimonial\" data-id=\"6a1276f\" data-element_type=\"widget\" data-widget_type=\"themo-testimonial.default\">\n\t\t\t\t<div class=\"elementor-widget-container\">\n\t\t\t        \n\t\t<div class=\"elementor-testimonial-wrapper th-testimonial-w th-txt-lg elementor-testimonial-text-align-center\">\n\n            \n\t\t\t\t\t\t\t<div class=\"elementor-testimonial-content\">Ein tolles Hotel im Zentrum von Annaberg. Die Suite \u00fcbertraf meine Erwartungen, sehr sauber mit einer tollen Ausstattung, einem leckeren reichlichen Fr\u00fchst\u00fcck und supernetten Personal. Leider war ich nur zwei Tage und komme bestimmt wieder!<\/div>\n\t\t\t\n            <div class=\"th-star-rating th-star-50\">\n<span class=\"th-star-1 fa\"><\/span>\n<span class=\"th-star-2 fa\"><\/span>\n<span class=\"th-star-3 fa\"><\/span>\n<span class=\"th-star-4 fa\"><\/span>\n<span class=\"th-star-5 fa\"><\/span>\n<\/div>\n\t\t\t\t\t<\/div>\n\t\t\t<\/div>\n\t\t\t\t<\/div>\n\t\t\t\t\t<\/div>\n\t\t<\/div>\n\t\t\t\t<div class=\"elementor-column elementor-col-50 elementor-top-column elementor-element elementor-element-4546b7d\" data-id=\"4546b7d\" data-element_type=\"column\">\n\t\t\t<div class=\"elementor-widget-wrap elementor-element-populated\">\n\t\t\t\t\t\t\t\t<div class=\"elementor-element elementor-element-987c57f elementor-widget elementor-widget-themo-testimonial\" data-id=\"987c57f\" data-element_type=\"widget\" data-widget_type=\"themo-testimonial.default\">\n\t\t\t\t<div class=\"elementor-widget-container\">\n\t\t\t        \n\t\t<div class=\"elementor-testimonial-wrapper th-testimonial-w th-txt-lg elementor-testimonial-text-align-center\">\n\n            \n\t\t\t\t\t\t\t<div class=\"elementor-testimonial-content\">Top Service, Freundlichkeit, umfassende Ausstattung, sch\u00f6nes Interior, bequemes Bett, eine Kaffeemaschine auf dem Zimmer, ruhig und doch absolut zentral gelegen und ein sch\u00f6nes Gespr\u00e4ch gab es auch noch. Ich freue mich auf meinen n\u00e4chsten Aufenthalt.<\/div>\n\t\t\t\n            <div class=\"th-star-rating th-star-50\">\n<span class=\"th-star-1 fa\"><\/span>\n<span class=\"th-star-2 fa\"><\/span>\n<span class=\"th-star-3 fa\"><\/span>\n<span class=\"th-star-4 fa\"><\/span>\n<span class=\"th-star-5 fa\"><\/span>\n<\/div>\n\t\t\t\t\t<\/div>\n\t\t\t<\/div>\n\t\t\t\t<\/div>\n\t\t\t\t\t<\/div>\n\t\t<\/div>\n\t\t\t\t\t\t\t<\/div>\n\t\t<\/section>\n\t\t\t\t\t\t\t<\/div>\n\t\t","protected":false},"excerpt":{"rendered":"<p>HERZLICH WILLKOMMEN Liebevolle Einrichtung, individueller Service und viel Komfort \u2013 all das macht unser famili\u00e4r gef\u00fchrtes Hotel Alt-Annaberg im sch\u00f6nen Erzgebirge zu einem gem\u00fctlichen Zuhause auf Zeit. Gl\u00fcck auf in Annaberg-Buchholz! Weithin sichtbar thront das Wahrzeichen \u00fcber den D\u00e4chern unserer &hellip; <a href=\"https:\/\/ww2.hotel-alt-annaberg.de\/\">Read More<\/a><\/p>\n","protected":false},"author":1,"featured_media":0,"parent":0,"menu_order":1,"comment_status":"closed","ping_status":"closed","template":"","meta":{"footnotes":""},"class_list":["post-113","page","type-page","status-publish","hentry"],"_links":{"self":[{"href":"https:\/\/ww2.hotel-alt-annaberg.de\/index.php?rest_route=\/wp\/v2\/pages\/113","targetHints":{"allow":["GET"]}}],"collection":[{"href":"https:\/\/ww2.hotel-alt-annaberg.de\/index.php?rest_route=\/wp\/v2\/pages"}],"about":[{"href":"https:\/\/ww2.hotel-alt-annaberg.de\/index.php?rest_route=\/wp\/v2\/types\/page"}],"author":[{"embeddable":true,"href":"https:\/\/ww2.hotel-alt-annaberg.de\/index.php?rest_route=\/wp\/v2\/users\/1"}],"replies":[{"embeddable":true,"href":"https:\/\/ww2.hotel-alt-annaberg.de\/index.php?rest_route=%2Fwp%2Fv2%2Fcomments&post=113"}],"version-history":[{"count":79,"href":"https:\/\/ww2.hotel-alt-annaberg.de\/index.php?rest_route=\/wp\/v2\/pages\/113\/revisions"}],"predecessor-version":[{"id":671,"href":"https:\/\/ww2.hotel-alt-annaberg.de\/index.php?rest_route=\/wp\/v2\/pages\/113\/revisions\/671"}],"wp:attachment":[{"href":"https:\/\/ww2.hotel-alt-annaberg.de\/index.php?rest_route=%2Fwp%2Fv2%2Fmedia&parent=113"}],"curies":[{"name":"wp","href":"https:\/\/api.w.org\/{rel}","templated":true}]}}